{"id":567,"date":"2025-06-14T15:21:53","date_gmt":"2025-06-14T12:21:53","guid":{"rendered":"https:\/\/bluesdernegi.org\/?page_id=567"},"modified":"2025-06-14T17:35:34","modified_gmt":"2025-06-14T14:35:34","slug":"faaliyet-raporlari","status":"publish","type":"page","link":"https:\/\/bluesdernegi.org\/en\/faaliyet-raporlari\/","title":{"rendered":"Faaliyet Raporlar\u0131"},"content":{"rendered":"\t\t<div data-elementor-type=\"wp-page\" data-elementor-id=\"567\" class=\"elementor elementor-567\">\n\t\t\t\t\t\t<section class=\"elementor-section elementor-top-section elementor-element elementor-element-68659b3f elementor-section-boxed elementor-section-height-default elementor-section-height-default\" data-id=\"68659b3f\" data-element_type=\"section\" data-e-type=\"section\">\n\t\t\t\t\t\t<div class=\"elementor-container elementor-column-gap-default\">\n\t\t\t\t\t<div class=\"elementor-column elementor-col-100 elementor-top-column elementor-element elementor-element-36815901\" data-id=\"36815901\" data-element_type=\"column\" data-e-type=\"column\">\n\t\t\t<div class=\"elementor-widget-wrap elementor-element-populated\">\n\t\t\t\t\t\t<div class=\"elementor-element elementor-element-4b75b2f0 elementor-widget elementor-widget-accordion\" data-id=\"4b75b2f0\" data-element_type=\"widget\" data-e-type=\"widget\" data-widget_type=\"accordion.default\">\n\t\t\t\t<div class=\"elementor-widget-container\">\n\t\t\t\t\t\t\t<div class=\"elementor-accordion\">\n\t\t\t\t\t\t\t<div class=\"elementor-accordion-item\">\n\t\t\t\t\t<div id=\"elementor-tab-title-1261\" class=\"elementor-tab-title\" data-tab=\"1\" role=\"button\" aria-controls=\"elementor-tab-content-1261\" aria-expanded=\"false\">\n\t\t\t\t\t\t\t\t\t\t\t\t\t<span class=\"elementor-accordion-icon elementor-accordion-icon-left\" aria-hidden=\"true\">\n\t\t\t\t\t\t\t\t\t\t\t\t\t\t\t<span class=\"elementor-accordion-icon-closed\"><svg class=\"e-font-icon-svg e-fas-plus\" viewBox=\"0 0 448 512\" xmlns=\"http:\/\/www.w3.org\/2000\/svg\"><path d=\"M416 208H272V64c0-17.67-14.33-32-32-32h-32c-17.67 0-32 14.33-32 32v144H32c-17.67 0-32 14.33-32 32v32c0 17.67 14.33 32 32 32h144v144c0 17.67 14.33 32 32 32h32c17.67 0 32-14.33 32-32V304h144c17.67 0 32-14.33 32-32v-32c0-17.67-14.33-32-32-32z\"><\/path><\/svg><\/span>\n\t\t\t\t\t\t\t\t<span class=\"elementor-accordion-icon-opened\"><svg class=\"e-font-icon-svg e-fas-minus\" viewBox=\"0 0 448 512\" xmlns=\"http:\/\/www.w3.org\/2000\/svg\"><path d=\"M416 208H32c-17.67 0-32 14.33-32 32v32c0 17.67 14.33 32 32 32h384c17.67 0 32-14.33 32-32v-32c0-17.67-14.33-32-32-32z\"><\/path><\/svg><\/span>\n\t\t\t\t\t\t\t\t\t\t\t\t\t\t<\/span>\n\t\t\t\t\t\t\t\t\t\t\t\t<a class=\"elementor-accordion-title\" tabindex=\"0\">2024 Faaliyet Raporu<\/a>\n\t\t\t\t\t<\/div>\n\t\t\t\t\t<div id=\"elementor-tab-content-1261\" class=\"elementor-tab-content elementor-clearfix\" data-tab=\"1\" role=\"region\" aria-labelledby=\"elementor-tab-title-1261\"><p>&gt; 2024 Faaliyet Raporu<br \/>( <a href=\"https:\/\/dosyalar.bluesdernegi.org\/faaliyet\/Blues%20Dernegi_2024%20Faaliyet%20Raporu.pdf\" target=\"_blank\" rel=\"noopener\">G\u00f6r\u00fcnt\u00fcle<\/a> &#8211; <a href=\"https:\/\/dosyalar.bluesdernegi.org\/faaliyet\/Blues%20Dernegi_2024%20Faaliyet%20Raporu.pdf\" download=\"Blues Dernegi_2024 Faaliyet Raporu.pdf\">\u0130ndir<\/a> )<\/p><p><iframe src=\"https:\/\/dosyalar.bluesdernegi.org\/faaliyet\/Blues%20Dernegi_2024%20Faaliyet%20Raporu.pdf\" height=\"1400px \"><\/iframe><\/p><\/div>\n\t\t\t\t<\/div>\n\t\t\t\t\t\t\t<div class=\"elementor-accordion-item\">\n\t\t\t\t\t<div id=\"elementor-tab-title-1262\" class=\"elementor-tab-title\" data-tab=\"2\" role=\"button\" aria-controls=\"elementor-tab-content-1262\" aria-expanded=\"false\">\n\t\t\t\t\t\t\t\t\t\t\t\t\t<span class=\"elementor-accordion-icon elementor-accordion-icon-left\" aria-hidden=\"true\">\n\t\t\t\t\t\t\t\t\t\t\t\t\t\t\t<span class=\"elementor-accordion-icon-closed\"><svg class=\"e-font-icon-svg e-fas-plus\" viewBox=\"0 0 448 512\" xmlns=\"http:\/\/www.w3.org\/2000\/svg\"><path d=\"M416 208H272V64c0-17.67-14.33-32-32-32h-32c-17.67 0-32 14.33-32 32v144H32c-17.67 0-32 14.33-32 32v32c0 17.67 14.33 32 32 32h144v144c0 17.67 14.33 32 32 32h32c17.67 0 32-14.33 32-32V304h144c17.67 0 32-14.33 32-32v-32c0-17.67-14.33-32-32-32z\"><\/path><\/svg><\/span>\n\t\t\t\t\t\t\t\t<span class=\"elementor-accordion-icon-opened\"><svg class=\"e-font-icon-svg e-fas-minus\" viewBox=\"0 0 448 512\" xmlns=\"http:\/\/www.w3.org\/2000\/svg\"><path d=\"M416 208H32c-17.67 0-32 14.33-32 32v32c0 17.67 14.33 32 32 32h384c17.67 0 32-14.33 32-32v-32c0-17.67-14.33-32-32-32z\"><\/path><\/svg><\/span>\n\t\t\t\t\t\t\t\t\t\t\t\t\t\t<\/span>\n\t\t\t\t\t\t\t\t\t\t\t\t<a class=\"elementor-accordion-title\" tabindex=\"0\">2023 Faaliyet Raporu<\/a>\n\t\t\t\t\t<\/div>\n\t\t\t\t\t<div id=\"elementor-tab-content-1262\" class=\"elementor-tab-content elementor-clearfix\" data-tab=\"2\" role=\"region\" aria-labelledby=\"elementor-tab-title-1262\"><p>&gt; 2023 Faaliyet Raporu<br \/>( <a href=\"https:\/\/dosyalar.bluesdernegi.org\/faaliyet\/Blues%20Dernegi_2023%20Faaliyet%20Raporu.pdf\" target=\"_blank\" rel=\"noopener\">G\u00f6r\u00fcnt\u00fcle<\/a> &#8211; <a href=\"https:\/\/dosyalar.bluesdernegi.org\/faaliyet\/Blues%20Dernegi_2023%20Faaliyet%20Raporu.pdf\" download=\"Blues Dernegi_2023 Faaliyet Raporu.pdf\">\u0130ndir<\/a> )<\/p><p><iframe src=\"https:\/\/dosyalar.bluesdernegi.org\/faaliyet\/Blues%20Dernegi_2023%20Faaliyet%20Raporu.pdf\" height=\"1400px \"><\/iframe><\/p><\/div>\n\t\t\t\t<\/div>\n\t\t\t\t\t\t\t<div class=\"elementor-accordion-item\">\n\t\t\t\t\t<div id=\"elementor-tab-title-1263\" class=\"elementor-tab-title\" data-tab=\"3\" role=\"button\" aria-controls=\"elementor-tab-content-1263\" aria-expanded=\"false\">\n\t\t\t\t\t\t\t\t\t\t\t\t\t<span class=\"elementor-accordion-icon elementor-accordion-icon-left\" aria-hidden=\"true\">\n\t\t\t\t\t\t\t\t\t\t\t\t\t\t\t<span class=\"elementor-accordion-icon-closed\"><svg class=\"e-font-icon-svg e-fas-plus\" viewBox=\"0 0 448 512\" xmlns=\"http:\/\/www.w3.org\/2000\/svg\"><path d=\"M416 208H272V64c0-17.67-14.33-32-32-32h-32c-17.67 0-32 14.33-32 32v144H32c-17.67 0-32 14.33-32 32v32c0 17.67 14.33 32 32 32h144v144c0 17.67 14.33 32 32 32h32c17.67 0 32-14.33 32-32V304h144c17.67 0 32-14.33 32-32v-32c0-17.67-14.33-32-32-32z\"><\/path><\/svg><\/span>\n\t\t\t\t\t\t\t\t<span class=\"elementor-accordion-icon-opened\"><svg class=\"e-font-icon-svg e-fas-minus\" viewBox=\"0 0 448 512\" xmlns=\"http:\/\/www.w3.org\/2000\/svg\"><path d=\"M416 208H32c-17.67 0-32 14.33-32 32v32c0 17.67 14.33 32 32 32h384c17.67 0 32-14.33 32-32v-32c0-17.67-14.33-32-32-32z\"><\/path><\/svg><\/span>\n\t\t\t\t\t\t\t\t\t\t\t\t\t\t<\/span>\n\t\t\t\t\t\t\t\t\t\t\t\t<a class=\"elementor-accordion-title\" tabindex=\"0\">2022 Faaliyet Raporu<\/a>\n\t\t\t\t\t<\/div>\n\t\t\t\t\t<div id=\"elementor-tab-content-1263\" class=\"elementor-tab-content elementor-clearfix\" data-tab=\"3\" role=\"region\" aria-labelledby=\"elementor-tab-title-1263\"><p>&gt; 2022 Faaliyet Raporu<br \/>( <a href=\"https:\/\/dosyalar.bluesdernegi.org\/faaliyet\/Blues%20Dernegi_2022%20Faaliyet%20Raporu.pdf\" target=\"_blank\" rel=\"noopener\">G\u00f6r\u00fcnt\u00fcle<\/a> &#8211; <a href=\"https:\/\/dosyalar.bluesdernegi.org\/faaliyet\/Blues%20Dernegi_2022%20Faaliyet%20Raporu.pdf\" download=\"Blues Dernegi_2022 Faaliyet Raporu.pdf\">\u0130ndir<\/a> )<\/p><p><iframe src=\"https:\/\/dosyalar.bluesdernegi.org\/faaliyet\/Blues%20Dernegi_2022%20Faaliyet%20Raporu.pdf\" height=\"1400px \"><\/iframe><\/p><\/div>\n\t\t\t\t<\/div>\n\t\t\t\t\t\t\t<div class=\"elementor-accordion-item\">\n\t\t\t\t\t<div id=\"elementor-tab-title-1264\" class=\"elementor-tab-title\" data-tab=\"4\" role=\"button\" aria-controls=\"elementor-tab-content-1264\" aria-expanded=\"false\">\n\t\t\t\t\t\t\t\t\t\t\t\t\t<span class=\"elementor-accordion-icon elementor-accordion-icon-left\" aria-hidden=\"true\">\n\t\t\t\t\t\t\t\t\t\t\t\t\t\t\t<span class=\"elementor-accordion-icon-closed\"><svg class=\"e-font-icon-svg e-fas-plus\" viewBox=\"0 0 448 512\" xmlns=\"http:\/\/www.w3.org\/2000\/svg\"><path d=\"M416 208H272V64c0-17.67-14.33-32-32-32h-32c-17.67 0-32 14.33-32 32v144H32c-17.67 0-32 14.33-32 32v32c0 17.67 14.33 32 32 32h144v144c0 17.67 14.33 32 32 32h32c17.67 0 32-14.33 32-32V304h144c17.67 0 32-14.33 32-32v-32c0-17.67-14.33-32-32-32z\"><\/path><\/svg><\/span>\n\t\t\t\t\t\t\t\t<span class=\"elementor-accordion-icon-opened\"><svg class=\"e-font-icon-svg e-fas-minus\" viewBox=\"0 0 448 512\" xmlns=\"http:\/\/www.w3.org\/2000\/svg\"><path d=\"M416 208H32c-17.67 0-32 14.33-32 32v32c0 17.67 14.33 32 32 32h384c17.67 0 32-14.33 32-32v-32c0-17.67-14.33-32-32-32z\"><\/path><\/svg><\/span>\n\t\t\t\t\t\t\t\t\t\t\t\t\t\t<\/span>\n\t\t\t\t\t\t\t\t\t\t\t\t<a class=\"elementor-accordion-title\" tabindex=\"0\">2020 \u2013 2021 Pandemi D\u00f6nemi Faaliyet Raporu<\/a>\n\t\t\t\t\t<\/div>\n\t\t\t\t\t<div id=\"elementor-tab-content-1264\" class=\"elementor-tab-content elementor-clearfix\" data-tab=\"4\" role=\"region\" aria-labelledby=\"elementor-tab-title-1264\"><p>&gt; 2020 \u2013 2021 Pandemi D\u00f6nemi Faaliyet Raporu<br \/>( <a href=\"https:\/\/dosyalar.bluesdernegi.org\/faaliyet\/Blues-Dernegi_2020-2021_Pandemi%20Donemi%20Faaliyet%20Raporu.pdf\" target=\"_blank\" rel=\"noopener\">G\u00f6r\u00fcnt\u00fcle<\/a> &#8211; <a href=\"https:\/\/dosyalar.bluesdernegi.org\/faaliyet\/Blues-Dernegi_2020-2021_Pandemi%20Donemi%20Faaliyet%20Raporu.pdf\" download=\"Blues-Dernegi_2020-2021_Pandemi%20Donemi%20Faaliyet%20Raporu.pdf\">\u0130ndir<\/a> )<\/p><p><iframe src=\"https:\/\/dosyalar.bluesdernegi.org\/faaliyet\/Blues-Dernegi_2020-2021_Pandemi%20Donemi%20Faaliyet%20Raporu.pdf\" height=\"1400px \"><\/iframe><\/p><\/div>\n\t\t\t\t<\/div>\n\t\t\t\t\t\t\t\t<\/div>\n\t\t\t\t\t\t<\/div>\n\t\t\t\t<\/div>\n\t\t\t\t\t<\/div>\n\t\t<\/div>\n\t\t\t\t\t<\/div>\n\t\t<\/section>\n\t\t\t\t<\/div>\n\t\t","protected":false},"excerpt":{"rendered":"<p>2024 Faaliyet Raporu &gt; 2024 Faaliyet Raporu( G\u00f6r\u00fcnt\u00fcle &#8211; \u0130ndir ) 2023 Faaliyet Raporu &gt; 2023 Faaliyet Raporu( G\u00f6r\u00fcnt\u00fcle &#8211; \u0130ndir ) 2022 Faaliyet Raporu &gt; 2022 Faaliyet Raporu( G\u00f6r\u00fcnt\u00fcle &#8211; \u0130ndir ) 2020 \u2013 2021 Pandemi D\u00f6nemi Faaliyet Raporu &gt; 2020 \u2013 2021 Pandemi D\u00f6nemi Faaliyet Raporu( G\u00f6r\u00fcnt\u00fcle &#8211; \u0130ndir )<\/p>\n","protected":false},"author":1,"featured_media":684,"parent":0,"menu_order":0,"comment_status":"closed","ping_status":"closed","template":"","meta":{"footnotes":""},"class_list":["post-567","page","type-page","status-publish","has-post-thumbnail"],"yoast_head":"<!-- This site is optimized with the Yoast SEO plugin v27.5 - https:\/\/yoast.com\/product\/yoast-seo-wordpress\/ -->\n<title>Faaliyet Raporlar\u0131 - Blues Derne\u011fi<\/title>\n<meta name=\"robots\" content=\"index, follow, max-snippet:-1, max-image-preview:large, max-video-preview:-1\" \/>\n<link rel=\"canonical\" href=\"https:\/\/bluesdernegi.org\/en\/faaliyet-raporlari\/\" \/>\n<meta property=\"og:locale\" content=\"en_US\" \/>\n<meta property=\"og:locale:alternate\" content=\"tr_TR\" \/>\n<meta property=\"og:type\" content=\"article\" \/>\n<meta property=\"og:title\" content=\"Faaliyet Raporlar\u0131 - Blues Derne\u011fi\" \/>\n<meta property=\"og:description\" content=\"2024 Faaliyet Raporu &gt; 2024 Faaliyet Raporu( G\u00f6r\u00fcnt\u00fcle &#8211; \u0130ndir ) 2023 Faaliyet Raporu &gt; 2023 Faaliyet Raporu( G\u00f6r\u00fcnt\u00fcle &#8211; \u0130ndir ) 2022 Faaliyet Raporu &gt; 2022 Faaliyet Raporu( G\u00f6r\u00fcnt\u00fcle &#8211; \u0130ndir ) 2020 \u2013 2021 Pandemi D\u00f6nemi Faaliyet Raporu &gt; 2020 \u2013 2021 Pandemi D\u00f6nemi Faaliyet Raporu( G\u00f6r\u00fcnt\u00fcle &#8211; \u0130ndir )\" \/>\n<meta property=\"og:url\" content=\"https:\/\/bluesdernegi.org\/en\/faaliyet-raporlari\/\" \/>\n<meta property=\"og:site_name\" content=\"Blues Derne\u011fi\" \/>\n<meta property=\"article:publisher\" content=\"https:\/\/www.facebook.com\/bluesdernegi\" \/>\n<meta property=\"article:modified_time\" content=\"2025-06-14T14:35:34+00:00\" \/>\n<meta property=\"og:image\" content=\"http:\/\/bluesdernegi.org\/wp-content\/uploads\/2025\/06\/background_web_calendar.jpg\" \/>\n\t<meta property=\"og:image:width\" content=\"1366\" \/>\n\t<meta property=\"og:image:height\" content=\"768\" \/>\n\t<meta property=\"og:image:type\" content=\"image\/jpeg\" \/>\n<meta name=\"twitter:card\" content=\"summary_large_image\" \/>\n<meta name=\"twitter:site\" content=\"@BluesDernegi\" \/>\n<meta name=\"twitter:label1\" content=\"Est. reading time\" \/>\n\t<meta name=\"twitter:data1\" content=\"1 minute\" \/>\n<script type=\"application\/ld+json\" class=\"yoast-schema-graph\">{\"@context\":\"https:\\\/\\\/schema.org\",\"@graph\":[{\"@type\":\"WebPage\",\"@id\":\"https:\\\/\\\/bluesdernegi.org\\\/faaliyet-raporlari\\\/\",\"url\":\"https:\\\/\\\/bluesdernegi.org\\\/faaliyet-raporlari\\\/\",\"name\":\"Faaliyet Raporlar\u0131 - Blues Derne\u011fi\",\"isPartOf\":{\"@id\":\"https:\\\/\\\/bluesdernegi.org\\\/#website\"},\"primaryImageOfPage\":{\"@id\":\"https:\\\/\\\/bluesdernegi.org\\\/faaliyet-raporlari\\\/#primaryimage\"},\"image\":{\"@id\":\"https:\\\/\\\/bluesdernegi.org\\\/faaliyet-raporlari\\\/#primaryimage\"},\"thumbnailUrl\":\"https:\\\/\\\/bluesdernegi.org\\\/wp-content\\\/uploads\\\/2025\\\/06\\\/background_web_calendar.jpg\",\"datePublished\":\"2025-06-14T12:21:53+00:00\",\"dateModified\":\"2025-06-14T14:35:34+00:00\",\"breadcrumb\":{\"@id\":\"https:\\\/\\\/bluesdernegi.org\\\/faaliyet-raporlari\\\/#breadcrumb\"},\"inLanguage\":\"en-US\",\"potentialAction\":[{\"@type\":\"ReadAction\",\"target\":[\"https:\\\/\\\/bluesdernegi.org\\\/faaliyet-raporlari\\\/\"]}]},{\"@type\":\"ImageObject\",\"inLanguage\":\"en-US\",\"@id\":\"https:\\\/\\\/bluesdernegi.org\\\/faaliyet-raporlari\\\/#primaryimage\",\"url\":\"https:\\\/\\\/bluesdernegi.org\\\/wp-content\\\/uploads\\\/2025\\\/06\\\/background_web_calendar.jpg\",\"contentUrl\":\"https:\\\/\\\/bluesdernegi.org\\\/wp-content\\\/uploads\\\/2025\\\/06\\\/background_web_calendar.jpg\",\"width\":1366,\"height\":768},{\"@type\":\"BreadcrumbList\",\"@id\":\"https:\\\/\\\/bluesdernegi.org\\\/faaliyet-raporlari\\\/#breadcrumb\",\"itemListElement\":[{\"@type\":\"ListItem\",\"position\":1,\"name\":\"Anasayfa\",\"item\":\"https:\\\/\\\/bluesdernegi.org\\\/\"},{\"@type\":\"ListItem\",\"position\":2,\"name\":\"Faaliyet Raporlar\u0131\"}]},{\"@type\":\"WebSite\",\"@id\":\"https:\\\/\\\/bluesdernegi.org\\\/#website\",\"url\":\"https:\\\/\\\/bluesdernegi.org\\\/\",\"name\":\"Blues Derne\u011fi\",\"description\":\"\",\"publisher\":{\"@id\":\"https:\\\/\\\/bluesdernegi.org\\\/#organization\"},\"potentialAction\":[{\"@type\":\"SearchAction\",\"target\":{\"@type\":\"EntryPoint\",\"urlTemplate\":\"https:\\\/\\\/bluesdernegi.org\\\/?s={search_term_string}\"},\"query-input\":{\"@type\":\"PropertyValueSpecification\",\"valueRequired\":true,\"valueName\":\"search_term_string\"}}],\"inLanguage\":\"en-US\"},{\"@type\":\"Organization\",\"@id\":\"https:\\\/\\\/bluesdernegi.org\\\/#organization\",\"name\":\"Blues Derne\u011fi\",\"url\":\"https:\\\/\\\/bluesdernegi.org\\\/\",\"logo\":{\"@type\":\"ImageObject\",\"inLanguage\":\"en-US\",\"@id\":\"https:\\\/\\\/bluesdernegi.org\\\/#\\\/schema\\\/logo\\\/image\\\/\",\"url\":\"https:\\\/\\\/bluesdernegi.org\\\/wp-content\\\/uploads\\\/2025\\\/06\\\/blues-dernegi-logo.png\",\"contentUrl\":\"https:\\\/\\\/bluesdernegi.org\\\/wp-content\\\/uploads\\\/2025\\\/06\\\/blues-dernegi-logo.png\",\"width\":600,\"height\":476,\"caption\":\"Blues Derne\u011fi\"},\"image\":{\"@id\":\"https:\\\/\\\/bluesdernegi.org\\\/#\\\/schema\\\/logo\\\/image\\\/\"},\"sameAs\":[\"https:\\\/\\\/www.facebook.com\\\/bluesdernegi\",\"https:\\\/\\\/x.com\\\/BluesDernegi\",\"https:\\\/\\\/www.instagram.com\\\/bluesdernegi\\\/\"]}]}<\/script>\n<!-- \/ Yoast SEO plugin. -->","yoast_head_json":{"title":"Faaliyet Raporlar\u0131 - Blues Derne\u011fi","robots":{"index":"index","follow":"follow","max-snippet":"max-snippet:-1","max-image-preview":"max-image-preview:large","max-video-preview":"max-video-preview:-1"},"canonical":"https:\/\/bluesdernegi.org\/en\/faaliyet-raporlari\/","og_locale":"en_US","og_type":"article","og_title":"Faaliyet Raporlar\u0131 - Blues Derne\u011fi","og_description":"2024 Faaliyet Raporu &gt; 2024 Faaliyet Raporu( G\u00f6r\u00fcnt\u00fcle &#8211; \u0130ndir ) 2023 Faaliyet Raporu &gt; 2023 Faaliyet Raporu( G\u00f6r\u00fcnt\u00fcle &#8211; \u0130ndir ) 2022 Faaliyet Raporu &gt; 2022 Faaliyet Raporu( G\u00f6r\u00fcnt\u00fcle &#8211; \u0130ndir ) 2020 \u2013 2021 Pandemi D\u00f6nemi Faaliyet Raporu &gt; 2020 \u2013 2021 Pandemi D\u00f6nemi Faaliyet Raporu( G\u00f6r\u00fcnt\u00fcle &#8211; \u0130ndir )","og_url":"https:\/\/bluesdernegi.org\/en\/faaliyet-raporlari\/","og_site_name":"Blues Derne\u011fi","article_publisher":"https:\/\/www.facebook.com\/bluesdernegi","article_modified_time":"2025-06-14T14:35:34+00:00","og_image":[{"width":1366,"height":768,"url":"http:\/\/bluesdernegi.org\/wp-content\/uploads\/2025\/06\/background_web_calendar.jpg","type":"image\/jpeg"}],"twitter_card":"summary_large_image","twitter_site":"@BluesDernegi","twitter_misc":{"Est. reading time":"1 minute"},"schema":{"@context":"https:\/\/schema.org","@graph":[{"@type":"WebPage","@id":"https:\/\/bluesdernegi.org\/faaliyet-raporlari\/","url":"https:\/\/bluesdernegi.org\/faaliyet-raporlari\/","name":"Faaliyet Raporlar\u0131 - Blues Derne\u011fi","isPartOf":{"@id":"https:\/\/bluesdernegi.org\/#website"},"primaryImageOfPage":{"@id":"https:\/\/bluesdernegi.org\/faaliyet-raporlari\/#primaryimage"},"image":{"@id":"https:\/\/bluesdernegi.org\/faaliyet-raporlari\/#primaryimage"},"thumbnailUrl":"https:\/\/bluesdernegi.org\/wp-content\/uploads\/2025\/06\/background_web_calendar.jpg","datePublished":"2025-06-14T12:21:53+00:00","dateModified":"2025-06-14T14:35:34+00:00","breadcrumb":{"@id":"https:\/\/bluesdernegi.org\/faaliyet-raporlari\/#breadcrumb"},"inLanguage":"en-US","potentialAction":[{"@type":"ReadAction","target":["https:\/\/bluesdernegi.org\/faaliyet-raporlari\/"]}]},{"@type":"ImageObject","inLanguage":"en-US","@id":"https:\/\/bluesdernegi.org\/faaliyet-raporlari\/#primaryimage","url":"https:\/\/bluesdernegi.org\/wp-content\/uploads\/2025\/06\/background_web_calendar.jpg","contentUrl":"https:\/\/bluesdernegi.org\/wp-content\/uploads\/2025\/06\/background_web_calendar.jpg","width":1366,"height":768},{"@type":"BreadcrumbList","@id":"https:\/\/bluesdernegi.org\/faaliyet-raporlari\/#breadcrumb","itemListElement":[{"@type":"ListItem","position":1,"name":"Anasayfa","item":"https:\/\/bluesdernegi.org\/"},{"@type":"ListItem","position":2,"name":"Faaliyet Raporlar\u0131"}]},{"@type":"WebSite","@id":"https:\/\/bluesdernegi.org\/#website","url":"https:\/\/bluesdernegi.org\/","name":"Blues Derne\u011fi","description":"","publisher":{"@id":"https:\/\/bluesdernegi.org\/#organization"},"potentialAction":[{"@type":"SearchAction","target":{"@type":"EntryPoint","urlTemplate":"https:\/\/bluesdernegi.org\/?s={search_term_string}"},"query-input":{"@type":"PropertyValueSpecification","valueRequired":true,"valueName":"search_term_string"}}],"inLanguage":"en-US"},{"@type":"Organization","@id":"https:\/\/bluesdernegi.org\/#organization","name":"Blues Derne\u011fi","url":"https:\/\/bluesdernegi.org\/","logo":{"@type":"ImageObject","inLanguage":"en-US","@id":"https:\/\/bluesdernegi.org\/#\/schema\/logo\/image\/","url":"https:\/\/bluesdernegi.org\/wp-content\/uploads\/2025\/06\/blues-dernegi-logo.png","contentUrl":"https:\/\/bluesdernegi.org\/wp-content\/uploads\/2025\/06\/blues-dernegi-logo.png","width":600,"height":476,"caption":"Blues Derne\u011fi"},"image":{"@id":"https:\/\/bluesdernegi.org\/#\/schema\/logo\/image\/"},"sameAs":["https:\/\/www.facebook.com\/bluesdernegi","https:\/\/x.com\/BluesDernegi","https:\/\/www.instagram.com\/bluesdernegi\/"]}]}},"jetpack_sharing_enabled":true,"_links":{"self":[{"href":"https:\/\/bluesdernegi.org\/en\/wp-json\/wp\/v2\/pages\/567","targetHints":{"allow":["GET"]}}],"collection":[{"href":"https:\/\/bluesdernegi.org\/en\/wp-json\/wp\/v2\/pages"}],"about":[{"href":"https:\/\/bluesdernegi.org\/en\/wp-json\/wp\/v2\/types\/page"}],"author":[{"embeddable":true,"href":"https:\/\/bluesdernegi.org\/en\/wp-json\/wp\/v2\/users\/1"}],"replies":[{"embeddable":true,"href":"https:\/\/bluesdernegi.org\/en\/wp-json\/wp\/v2\/comments?post=567"}],"version-history":[{"count":0,"href":"https:\/\/bluesdernegi.org\/en\/wp-json\/wp\/v2\/pages\/567\/revisions"}],"wp:featuredmedia":[{"embeddable":true,"href":"https:\/\/bluesdernegi.org\/en\/wp-json\/wp\/v2\/media\/684"}],"wp:attachment":[{"href":"https:\/\/bluesdernegi.org\/en\/wp-json\/wp\/v2\/media?parent=567"}],"curies":[{"name":"wp","href":"https:\/\/api.w.org\/{rel}","templated":true}]}}