{"id":627,"date":"2025-06-14T16:23:09","date_gmt":"2025-06-14T13:23:09","guid":{"rendered":"https:\/\/bluesdernegi.org\/?page_id=627"},"modified":"2026-01-01T14:35:58","modified_gmt":"2026-01-01T11:35:58","slug":"uyelik","status":"publish","type":"page","link":"https:\/\/bluesdernegi.org\/en\/uyelik\/","title":{"rendered":"\u00dcyelik"},"content":{"rendered":"\n<p><strong>L\u00fctfen bu sayfada yer alan t\u00fcm bilgileri dikkatlice okuyunuz.<\/strong><\/p>\n\n\n\n<p><strong>Blues Derne\u011fi \u00fcyeli\u011fi i\u00e7in gerekli ko\u015fullar<\/strong><\/p>\n\n\n\n<ul class=\"wp-block-list\">\n<li>18 ya\u015f\u0131n\u0131 doldurmu\u015f olmak<\/li>\n\n\n\n<li>Derneklere \u00fcye olma hakk\u0131 s\u00fcrekli veya s\u00fcreli olarak k\u0131s\u0131tlanmam\u0131\u015f olmak<\/li>\n\n\n\n<li>Derne\u011fin ama\u00e7 ve ilkelerini benimseyerek bu do\u011frultuda \u00e7al\u0131\u015fmay\u0131 kabul etmek<\/li>\n\n\n\n<li>Yabanc\u0131 uyruklu ki\u015filer i\u00e7in T\u00fcrkiye\u2019de yerle\u015fme hakk\u0131na sahip olmak<\/li>\n\n\n\n<li>Blues Derne\u011fi t\u00fcz\u00fc\u011f\u00fcn\u00fc okumu\u015f olmak<\/li>\n\n\n\n<li>\u00dcyelik i\u00e7in gerekli belgeleri (ilgili mevzuata g\u00f6re ba\u015fvuru formunun \u0131slak imzal\u0131 kopyas\u0131n\u0131n derne\u011fe ula\u015ft\u0131r\u0131lmas\u0131 gerekmektedir) eksiksiz sa\u011flayarak, giri\u015f \u00f6dentisi ve ilk y\u0131ll\u0131k \u00fcyelik aidat\u0131n\u0131 \u00f6deyerek \u00fcyelik ba\u015fvurusunu tamamlamak.<\/li>\n<\/ul>\n\n\n\n<p><strong>\u00dcyelik ba\u015fvurusu i\u00e7in gerekli belgeler:<\/strong><\/p>\n\n\n\n<ol class=\"wp-block-list\">\n<li>\u00dcyelik ba\u015fvuru formu (formu doldurmak i\u00e7in a\u015fa\u011f\u0131daki Blues Derne\u011fi \u00dcyelik Ba\u015fvuru Formu linkine t\u0131klay\u0131n\u0131z)<\/li>\n\n\n\n<li>Vesikal\u0131k foto\u011fraf<\/li>\n\n\n\n<li>2026 y\u0131l\u0131 i\u00e7in giri\u015f \u00f6dentisi olan 840 TL ve 2026 y\u0131l\u0131 i\u00e7in y\u0131ll\u0131k aidat miktar\u0131 olan 840 TL\u2019nin (toplam 1680 TL) a\u015fa\u011f\u0131daki Blues Derne\u011fi hesab\u0131na yat\u0131r\u0131ld\u0131\u011f\u0131na dair dekont (a\u00e7\u0131klama k\u0131sm\u0131nda isim-soyisim ve hangi y\u0131l\u0131n giri\u015f \u00f6dentisi ve y\u0131ll\u0131k aidat\u0131 oldu\u011funu belirtiniz. \u00d6rnek: Ay\u015fe Mavi 2026 y\u0131l\u0131 giri\u015f \u00f6dentisi ve \u00fcyelik aidat\u0131).<br> <br>Blues Derne\u011fi &#8211; Ziraat Bankas\u0131<br> <br>IBAN: TR74 0001 0006 7992 0184 5250 01<br><\/li>\n<\/ol>\n\n\n\n<p><strong><strong>\u00d6NEML\u0130 NOT: Giri\u015f \u00f6dentisi Blues Derne\u011fi\u2019ne ilk \u00fcyelik ba\u015fvurusu s\u0131ras\u0131nda bir defal\u0131\u011f\u0131na al\u0131nmaktad\u0131r. \u00dcyelik aidatlar\u0131 ise \u00fcyelik ba\u015fvurusunun yap\u0131ld\u0131\u011f\u0131 tarihten ba\u011f\u0131ms\u0131z, takvim y\u0131l\u0131na g\u00f6re, YILLIK olarak al\u0131nmaktad\u0131r. Genel Kurul Toplant\u0131s\u0131 iki y\u0131lda bir Ocak ay\u0131nda d\u00fczenlendi\u011finden ve aidat belirlendikten sonra \u00fcyelikten \u00e7\u0131kmay\u0131 isteyebilecek \u00fcyeler i\u00e7in zorluk ya\u015fanmamas\u0131 a\u00e7\u0131s\u0131ndan y\u0131ll\u0131k aidatlar\u0131n \u00f6deme d\u00f6nemi her y\u0131l 15 \u015eubat&#8217;ta ba\u015flat\u0131l\u0131r; 15 \u015eubat g\u00fcn\u00fc de dahil olmak \u00fczere bu tarihe kadar \u00fcyelikten ayr\u0131lmayan \u00fcyeler o y\u0131l\u0131n y\u0131ll\u0131k aidat\u0131n\u0131 da \u00f6demekle y\u00fck\u00fcml\u00fcd\u00fcr. \u00d6rne\u011fin Kas\u0131m 2025\u2019te \u00fcyeli\u011fi ba\u015flayan bir \u00fcyemiz 2025 y\u0131l\u0131 aidat\u0131n\u0131 \u00f6demi\u015f olur ve istifa etmedi\u011fi s\u00fcrece 15 \u015eubat 2026 tarihinden itibaren 2026 y\u0131l\u0131 aidat\u0131n\u0131 \u00f6demesi gerekmektedir. \u00dcyelikten ayr\u0131lma talepleri yaz\u0131l\u0131 olarak y\u00f6netim kuruluna ula\u015fmayan veya e-devlet \u00fczerinden \u00fcyelikten \u00e7\u0131kma i\u015flemi yapmayan \u00fcyelerin \u00fcyelikleri her y\u0131l \u015eubat ay\u0131n\u0131n 15.g\u00fcn\u00fc otomatik olarak yenilenmektedir. L\u00fctfen \u00fcyeli\u011fe giri\u015f ve \u00fcyelikten \u00e7\u0131k\u0131\u015f i\u00e7in g\u00f6z \u00f6n\u00fcnde bulundurunuz.<\/strong><\/strong><\/p>\n\n\n\n<p>\n                    <a target=\"_blank\" href=\"https:\/\/dosyalar.bluesdernegi.org\/Blues-Dernegi-Tuzugu_12.12.2021.pdf\">\n                        Blues Derne\u011fi t\u00fcz\u00fc\u011f\u00fcn\u00fc okumak i\u00e7in t\u0131klay\u0131n\u0131z.\n                    <\/a>\n                <\/p>\n\n\n\n<p>\n                    <a target=\"_blank\" href=\"https:\/\/dosyalar.bluesdernegi.org\/Blues-Dernegi_KVKK_Aydinlatma_Metni.pdf\">\n                        \u201cKi\u015fisel Verilerin Korunmas\u0131 Kanunu Ayd\u0131nlatma Metni\u201dni okumak i\u00e7in t\u0131klay\u0131n\u0131z.\n                    <\/a>\n                <\/p>\n\n\n\n<p><strong>\u00dcyelikten \u00e7\u0131kma (Blues Derne\u011fi T\u00fcz\u00fc\u011f\u00fc Madde 4)<\/strong><\/p>\n\n\n\n<p>Her \u00fcye yaz\u0131l\u0131 olarak bildirmek kayd\u0131yla, dernekten \u00e7\u0131kma hakk\u0131na sahiptir.<\/p>\n\n\n\n<p>\u00dcyenin istifa dilek\u00e7esi y\u00f6netim kuruluna ula\u015ft\u0131\u011f\u0131 anda \u00e7\u0131k\u0131\u015f i\u015flemleri sonu\u00e7lanm\u0131\u015f say\u0131l\u0131r.<\/p>\n\n\n\n<p>\u00dcyenin, \u00fcyelikten ayr\u0131lmas\u0131 derne\u011fe \u00fcyelikten kaynaklanan muaccel olmu\u015f veya ileride muaccel olacak bor\u00e7lar\u0131n\u0131 sona erdirmeyecek olup, \u00fcyelikten \u00e7\u0131kma talebinin bildirim tarihi itibari ile t\u00fcm bor\u00e7lar\u0131n\u0131 \u00f6demesi gerekmektedir.<\/p>\n\n\n\n<p><strong>\u00dcyelikten \u00e7\u0131kar\u0131lma (Blues Derne\u011fi T\u00fcz\u00fc\u011f\u00fc Madde 5)<\/strong><\/p>\n\n\n\n<p>Dernek \u00fcyeli\u011finden \u00e7\u0131kar\u0131lmay\u0131 gerektiren haller<\/p>\n\n\n\n<ol class=\"wp-block-list\">\n<li>Dernek t\u00fcz\u00fc\u011f\u00fcne ayk\u0131r\u0131 davran\u0131\u015flarda bulunmak,<\/li>\n\n\n\n<li>Verilen g\u00f6revlerden s\u00fcrekli ka\u00e7\u0131nmak,<\/li>\n\n\n\n<li>E-posta, whatsapp, sms, iadeli taahh\u00fctl\u00fc posta veya benzeri yaz\u0131l\u0131 yollarla en fazla  30 (otuz) g\u00fcn arayla yap\u0131lacak iki hakl\u0131 ikaza ra\u011fmen \u00fcyelik aidat\u0131n\u0131 ikinci ikazdan itibaren 30 (otuz) i\u00e7inde \u00f6dememek,<\/li>\n\n\n\n<li>Dernek organlar\u0131nca verilen kararlara uymamak,<\/li>\n\n\n\n<li>\u00dcye olma \u015fartlar\u0131n\u0131 kaybetmi\u015f olmak,<\/li>\n\n\n\n<li>Derne\u011fi maddi veya manevi zarara sokacak davran\u0131\u015flarda bulunmak,<\/li>\n\n\n\n<li>Derne\u011fin amac\u0131n\u0131 ger\u00e7ekle\u015ftirmesini engelleyici ve zorla\u015ft\u0131r\u0131c\u0131 i\u015flem ve eylemlerde bulunmak,<\/li>\n\n\n\n<li>Y\u00fcz k\u0131zart\u0131c\u0131 su\u00e7lardan birine ili\u015fkin kesinle\u015fmi\u015f mahkumiyet karar\u0131n\u0131n olmas\u0131,<\/li>\n\n\n\n<li>Y\u00f6netim kurulunun bilgisi d\u0131\u015f\u0131nda dernek ad\u0131n\u0131 kullanarak temas ve faaliyetlerde bulunmak<\/li>\n<\/ol>\n\n\n\n<p>Yukar\u0131da say\u0131lan durumlardan birinin tespiti halinde \u00fcye y\u00f6netim kurulu karar\u0131 ile \u00fcyelikten \u00e7\u0131kar\u0131labilir.<\/p>\n\n\n\n<p>Dernekten \u00e7\u0131kan veya \u00e7\u0131kar\u0131lanlar, \u00fcye kay\u0131t defterinden silinir ve dernek malvarl\u0131\u011f\u0131nda hak iddia edemez. <\/p>\n\n\n\n<p class=\"text-center mt-5\">\n                    <a target=\"_blank\" class=\"google-form-link\" href=\"https:\/\/docs.google.com\/forms\/d\/1blg9mAXgzI6iSzXn_5F04YrfHenK38RcvbxbUsMxREg\/edit\">\n                        Blues Derne\u011fi \u00dcyelik Ba\u015fvuru Formu\u2019nu doldurmak i\u00e7in t\u0131klay\u0131n\u0131z\n                    <\/a>\n                <\/p>\n","protected":false},"excerpt":{"rendered":"<p>L\u00fctfen bu sayfada yer alan t\u00fcm bilgileri dikkatlice okuyunuz. Blues Derne\u011fi \u00fcyeli\u011fi i\u00e7in gerekli ko\u015fullar \u00dcyelik ba\u015fvurusu i\u00e7in gerekli belgeler: \u00d6NEML\u0130 NOT: Giri\u015f \u00f6dentisi Blues Derne\u011fi\u2019ne ilk \u00fcyelik ba\u015fvurusu s\u0131ras\u0131nda bir defal\u0131\u011f\u0131na al\u0131nmaktad\u0131r. \u00dcyelik aidatlar\u0131 ise \u00fcyelik ba\u015fvurusunun yap\u0131ld\u0131\u011f\u0131 tarihten ba\u011f\u0131ms\u0131z, takvim y\u0131l\u0131na g\u00f6re, YILLIK olarak al\u0131nmaktad\u0131r. Genel Kurul Toplant\u0131s\u0131 iki y\u0131lda bir Ocak ay\u0131nda d\u00fczenlendi\u011finden ve aidat belirlendikten sonra \u00fcyelikten \u00e7\u0131kmay\u0131 isteyebilecek \u00fcyeler i\u00e7in zorluk ya\u015fanmamas\u0131 a\u00e7\u0131s\u0131ndan y\u0131ll\u0131k aidatlar\u0131n \u00f6deme d\u00f6nemi her y\u0131l 15 \u015eubat&#8217;ta ba\u015flat\u0131l\u0131r; 15 \u015eubat g\u00fcn\u00fc de dahil olmak \u00fczere bu tarihe kadar \u00fcyelikten ayr\u0131lmayan \u00fcyeler o y\u0131l\u0131n y\u0131ll\u0131k aidat\u0131n\u0131 da \u00f6demekle y\u00fck\u00fcml\u00fcd\u00fcr. \u00d6rne\u011fin Kas\u0131m 2025\u2019te \u00fcyeli\u011fi ba\u015flayan bir \u00fcyemiz 2025 y\u0131l\u0131 aidat\u0131n\u0131 \u00f6demi\u015f olur ve istifa etmedi\u011fi s\u00fcrece 15 \u015eubat 2026 tarihinden itibaren 2026 y\u0131l\u0131 aidat\u0131n\u0131 \u00f6demesi gerekmektedir. \u00dcyelikten ayr\u0131lma talepleri yaz\u0131l\u0131 olarak y\u00f6netim kuruluna ula\u015fmayan veya e-devlet \u00fczerinden \u00fcyelikten \u00e7\u0131kma i\u015flemi yapmayan \u00fcyelerin \u00fcyelikleri her y\u0131l \u015eubat ay\u0131n\u0131n 15.g\u00fcn\u00fc otomatik olarak yenilenmektedir. L\u00fctfen \u00fcyeli\u011fe&hellip;<\/p>\n<p> <a class=\"more-link\" href=\"https:\/\/bluesdernegi.org\/en\/uyelik\/\">Read more<\/a><\/p>\n","protected":false},"author":1,"featured_media":629,"parent":0,"menu_order":0,"comment_status":"closed","ping_status":"closed","template":"","meta":{"footnotes":""},"class_list":["post-627","page","type-page","status-publish","has-post-thumbnail"],"yoast_head":"<!-- This site is optimized with the Yoast SEO plugin v27.5 - https:\/\/yoast.com\/product\/yoast-seo-wordpress\/ -->\n<title>\u00dcyelik<\/title>\n<meta name=\"robots\" content=\"index, follow, max-snippet:-1, max-image-preview:large, max-video-preview:-1\" \/>\n<link rel=\"canonical\" href=\"https:\/\/bluesdernegi.org\/en\/uyelik\/\" \/>\n<meta property=\"og:locale\" content=\"en_US\" \/>\n<meta property=\"og:locale:alternate\" content=\"tr_TR\" \/>\n<meta property=\"og:type\" content=\"article\" \/>\n<meta property=\"og:title\" content=\"\u00dcyelik\" \/>\n<meta property=\"og:description\" content=\"L\u00fctfen bu sayfada yer alan t\u00fcm bilgileri dikkatlice okuyunuz. Blues Derne\u011fi \u00fcyeli\u011fi i\u00e7in gerekli ko\u015fullar \u00dcyelik ba\u015fvurusu i\u00e7in gerekli belgeler: \u00d6NEML\u0130 NOT: Giri\u015f \u00f6dentisi Blues Derne\u011fi\u2019ne ilk \u00fcyelik ba\u015fvurusu s\u0131ras\u0131nda bir defal\u0131\u011f\u0131na al\u0131nmaktad\u0131r. \u00dcyelik aidatlar\u0131 ise \u00fcyelik ba\u015fvurusunun yap\u0131ld\u0131\u011f\u0131 tarihten ba\u011f\u0131ms\u0131z, takvim y\u0131l\u0131na g\u00f6re, YILLIK olarak al\u0131nmaktad\u0131r. Genel Kurul Toplant\u0131s\u0131 iki y\u0131lda bir Ocak ay\u0131nda d\u00fczenlendi\u011finden ve aidat belirlendikten sonra \u00fcyelikten \u00e7\u0131kmay\u0131 isteyebilecek \u00fcyeler i\u00e7in zorluk ya\u015fanmamas\u0131 a\u00e7\u0131s\u0131ndan y\u0131ll\u0131k aidatlar\u0131n \u00f6deme d\u00f6nemi her y\u0131l 15 \u015eubat&#8217;ta ba\u015flat\u0131l\u0131r; 15 \u015eubat g\u00fcn\u00fc de dahil olmak \u00fczere bu tarihe kadar \u00fcyelikten ayr\u0131lmayan \u00fcyeler o y\u0131l\u0131n y\u0131ll\u0131k aidat\u0131n\u0131 da \u00f6demekle y\u00fck\u00fcml\u00fcd\u00fcr. \u00d6rne\u011fin Kas\u0131m 2025\u2019te \u00fcyeli\u011fi ba\u015flayan bir \u00fcyemiz 2025 y\u0131l\u0131 aidat\u0131n\u0131 \u00f6demi\u015f olur ve istifa etmedi\u011fi s\u00fcrece 15 \u015eubat 2026 tarihinden itibaren 2026 y\u0131l\u0131 aidat\u0131n\u0131 \u00f6demesi gerekmektedir. \u00dcyelikten ayr\u0131lma talepleri yaz\u0131l\u0131 olarak y\u00f6netim kuruluna ula\u015fmayan veya e-devlet \u00fczerinden \u00fcyelikten \u00e7\u0131kma i\u015flemi yapmayan \u00fcyelerin \u00fcyelikleri her y\u0131l \u015eubat ay\u0131n\u0131n 15.g\u00fcn\u00fc otomatik olarak yenilenmektedir. L\u00fctfen \u00fcyeli\u011fe&hellip;  Read more\" \/>\n<meta property=\"og:url\" content=\"https:\/\/bluesdernegi.org\/en\/uyelik\/\" \/>\n<meta property=\"og:site_name\" content=\"Blues Derne\u011fi\" \/>\n<meta property=\"article:publisher\" content=\"https:\/\/www.facebook.com\/bluesdernegi\" \/>\n<meta property=\"article:modified_time\" content=\"2026-01-01T11:35:58+00:00\" \/>\n<meta property=\"og:image\" content=\"http:\/\/bluesdernegi.org\/wp-content\/uploads\/2025\/06\/background_web_membership.jpg\" \/>\n\t<meta property=\"og:image:width\" content=\"1366\" \/>\n\t<meta property=\"og:image:height\" content=\"768\" \/>\n\t<meta property=\"og:image:type\" content=\"image\/jpeg\" \/>\n<meta name=\"twitter:card\" content=\"summary_large_image\" \/>\n<meta name=\"twitter:site\" content=\"@BluesDernegi\" \/>\n<meta name=\"twitter:label1\" content=\"Est. reading time\" \/>\n\t<meta name=\"twitter:data1\" content=\"4 minutes\" \/>\n<script type=\"application\/ld+json\" class=\"yoast-schema-graph\">{\"@context\":\"https:\\\/\\\/schema.org\",\"@graph\":[{\"@type\":\"WebPage\",\"@id\":\"https:\\\/\\\/bluesdernegi.org\\\/uyelik\\\/\",\"url\":\"https:\\\/\\\/bluesdernegi.org\\\/uyelik\\\/\",\"name\":\"\u00dcyelik\",\"isPartOf\":{\"@id\":\"https:\\\/\\\/bluesdernegi.org\\\/#website\"},\"primaryImageOfPage\":{\"@id\":\"https:\\\/\\\/bluesdernegi.org\\\/uyelik\\\/#primaryimage\"},\"image\":{\"@id\":\"https:\\\/\\\/bluesdernegi.org\\\/uyelik\\\/#primaryimage\"},\"thumbnailUrl\":\"https:\\\/\\\/bluesdernegi.org\\\/wp-content\\\/uploads\\\/2025\\\/06\\\/background_web_membership.jpg\",\"datePublished\":\"2025-06-14T13:23:09+00:00\",\"dateModified\":\"2026-01-01T11:35:58+00:00\",\"breadcrumb\":{\"@id\":\"https:\\\/\\\/bluesdernegi.org\\\/uyelik\\\/#breadcrumb\"},\"inLanguage\":\"en-US\",\"potentialAction\":[{\"@type\":\"ReadAction\",\"target\":[\"https:\\\/\\\/bluesdernegi.org\\\/uyelik\\\/\"]}]},{\"@type\":\"ImageObject\",\"inLanguage\":\"en-US\",\"@id\":\"https:\\\/\\\/bluesdernegi.org\\\/uyelik\\\/#primaryimage\",\"url\":\"https:\\\/\\\/bluesdernegi.org\\\/wp-content\\\/uploads\\\/2025\\\/06\\\/background_web_membership.jpg\",\"contentUrl\":\"https:\\\/\\\/bluesdernegi.org\\\/wp-content\\\/uploads\\\/2025\\\/06\\\/background_web_membership.jpg\",\"width\":1366,\"height\":768},{\"@type\":\"BreadcrumbList\",\"@id\":\"https:\\\/\\\/bluesdernegi.org\\\/uyelik\\\/#breadcrumb\",\"itemListElement\":[{\"@type\":\"ListItem\",\"position\":1,\"name\":\"Anasayfa\",\"item\":\"https:\\\/\\\/bluesdernegi.org\\\/\"},{\"@type\":\"ListItem\",\"position\":2,\"name\":\"\u00dcyelik\"}]},{\"@type\":\"WebSite\",\"@id\":\"https:\\\/\\\/bluesdernegi.org\\\/#website\",\"url\":\"https:\\\/\\\/bluesdernegi.org\\\/\",\"name\":\"Blues Derne\u011fi\",\"description\":\"\",\"publisher\":{\"@id\":\"https:\\\/\\\/bluesdernegi.org\\\/#organization\"},\"potentialAction\":[{\"@type\":\"SearchAction\",\"target\":{\"@type\":\"EntryPoint\",\"urlTemplate\":\"https:\\\/\\\/bluesdernegi.org\\\/?s={search_term_string}\"},\"query-input\":{\"@type\":\"PropertyValueSpecification\",\"valueRequired\":true,\"valueName\":\"search_term_string\"}}],\"inLanguage\":\"en-US\"},{\"@type\":\"Organization\",\"@id\":\"https:\\\/\\\/bluesdernegi.org\\\/#organization\",\"name\":\"Blues Derne\u011fi\",\"url\":\"https:\\\/\\\/bluesdernegi.org\\\/\",\"logo\":{\"@type\":\"ImageObject\",\"inLanguage\":\"en-US\",\"@id\":\"https:\\\/\\\/bluesdernegi.org\\\/#\\\/schema\\\/logo\\\/image\\\/\",\"url\":\"https:\\\/\\\/bluesdernegi.org\\\/wp-content\\\/uploads\\\/2025\\\/06\\\/blues-dernegi-logo.png\",\"contentUrl\":\"https:\\\/\\\/bluesdernegi.org\\\/wp-content\\\/uploads\\\/2025\\\/06\\\/blues-dernegi-logo.png\",\"width\":600,\"height\":476,\"caption\":\"Blues Derne\u011fi\"},\"image\":{\"@id\":\"https:\\\/\\\/bluesdernegi.org\\\/#\\\/schema\\\/logo\\\/image\\\/\"},\"sameAs\":[\"https:\\\/\\\/www.facebook.com\\\/bluesdernegi\",\"https:\\\/\\\/x.com\\\/BluesDernegi\",\"https:\\\/\\\/www.instagram.com\\\/bluesdernegi\\\/\"]}]}<\/script>\n<!-- \/ Yoast SEO plugin. -->","yoast_head_json":{"title":"\u00dcyelik","robots":{"index":"index","follow":"follow","max-snippet":"max-snippet:-1","max-image-preview":"max-image-preview:large","max-video-preview":"max-video-preview:-1"},"canonical":"https:\/\/bluesdernegi.org\/en\/uyelik\/","og_locale":"en_US","og_type":"article","og_title":"[:tr]\u00dcyelik[:] - Blues Derne\u011fi","og_description":"L\u00fctfen bu sayfada yer alan t\u00fcm bilgileri dikkatlice okuyunuz. Blues Derne\u011fi \u00fcyeli\u011fi i\u00e7in gerekli ko\u015fullar \u00dcyelik ba\u015fvurusu i\u00e7in gerekli belgeler: \u00d6NEML\u0130 NOT: Giri\u015f \u00f6dentisi Blues Derne\u011fi\u2019ne ilk \u00fcyelik ba\u015fvurusu s\u0131ras\u0131nda bir defal\u0131\u011f\u0131na al\u0131nmaktad\u0131r. \u00dcyelik aidatlar\u0131 ise \u00fcyelik ba\u015fvurusunun yap\u0131ld\u0131\u011f\u0131 tarihten ba\u011f\u0131ms\u0131z, takvim y\u0131l\u0131na g\u00f6re, YILLIK olarak al\u0131nmaktad\u0131r. Genel Kurul Toplant\u0131s\u0131 iki y\u0131lda bir Ocak ay\u0131nda d\u00fczenlendi\u011finden ve aidat belirlendikten sonra \u00fcyelikten \u00e7\u0131kmay\u0131 isteyebilecek \u00fcyeler i\u00e7in zorluk ya\u015fanmamas\u0131 a\u00e7\u0131s\u0131ndan y\u0131ll\u0131k aidatlar\u0131n \u00f6deme d\u00f6nemi her y\u0131l 15 \u015eubat&#8217;ta ba\u015flat\u0131l\u0131r; 15 \u015eubat g\u00fcn\u00fc de dahil olmak \u00fczere bu tarihe kadar \u00fcyelikten ayr\u0131lmayan \u00fcyeler o y\u0131l\u0131n y\u0131ll\u0131k aidat\u0131n\u0131 da \u00f6demekle y\u00fck\u00fcml\u00fcd\u00fcr. \u00d6rne\u011fin Kas\u0131m 2025\u2019te \u00fcyeli\u011fi ba\u015flayan bir \u00fcyemiz 2025 y\u0131l\u0131 aidat\u0131n\u0131 \u00f6demi\u015f olur ve istifa etmedi\u011fi s\u00fcrece 15 \u015eubat 2026 tarihinden itibaren 2026 y\u0131l\u0131 aidat\u0131n\u0131 \u00f6demesi gerekmektedir. \u00dcyelikten ayr\u0131lma talepleri yaz\u0131l\u0131 olarak y\u00f6netim kuruluna ula\u015fmayan veya e-devlet \u00fczerinden \u00fcyelikten \u00e7\u0131kma i\u015flemi yapmayan \u00fcyelerin \u00fcyelikleri her y\u0131l \u015eubat ay\u0131n\u0131n 15.g\u00fcn\u00fc otomatik olarak yenilenmektedir. L\u00fctfen \u00fcyeli\u011fe&hellip;  Read more","og_url":"https:\/\/bluesdernegi.org\/en\/uyelik\/","og_site_name":"Blues Derne\u011fi","article_publisher":"https:\/\/www.facebook.com\/bluesdernegi","article_modified_time":"2026-01-01T11:35:58+00:00","og_image":[{"width":1366,"height":768,"url":"http:\/\/bluesdernegi.org\/wp-content\/uploads\/2025\/06\/background_web_membership.jpg","type":"image\/jpeg"}],"twitter_card":"summary_large_image","twitter_site":"@BluesDernegi","twitter_misc":{"Est. reading time":"4 minutes"},"schema":{"@context":"https:\/\/schema.org","@graph":[{"@type":"WebPage","@id":"https:\/\/bluesdernegi.org\/uyelik\/","url":"https:\/\/bluesdernegi.org\/uyelik\/","name":"\u00dcyelik","isPartOf":{"@id":"https:\/\/bluesdernegi.org\/#website"},"primaryImageOfPage":{"@id":"https:\/\/bluesdernegi.org\/uyelik\/#primaryimage"},"image":{"@id":"https:\/\/bluesdernegi.org\/uyelik\/#primaryimage"},"thumbnailUrl":"https:\/\/bluesdernegi.org\/wp-content\/uploads\/2025\/06\/background_web_membership.jpg","datePublished":"2025-06-14T13:23:09+00:00","dateModified":"2026-01-01T11:35:58+00:00","breadcrumb":{"@id":"https:\/\/bluesdernegi.org\/uyelik\/#breadcrumb"},"inLanguage":"en-US","potentialAction":[{"@type":"ReadAction","target":["https:\/\/bluesdernegi.org\/uyelik\/"]}]},{"@type":"ImageObject","inLanguage":"en-US","@id":"https:\/\/bluesdernegi.org\/uyelik\/#primaryimage","url":"https:\/\/bluesdernegi.org\/wp-content\/uploads\/2025\/06\/background_web_membership.jpg","contentUrl":"https:\/\/bluesdernegi.org\/wp-content\/uploads\/2025\/06\/background_web_membership.jpg","width":1366,"height":768},{"@type":"BreadcrumbList","@id":"https:\/\/bluesdernegi.org\/uyelik\/#breadcrumb","itemListElement":[{"@type":"ListItem","position":1,"name":"Anasayfa","item":"https:\/\/bluesdernegi.org\/"},{"@type":"ListItem","position":2,"name":"\u00dcyelik"}]},{"@type":"WebSite","@id":"https:\/\/bluesdernegi.org\/#website","url":"https:\/\/bluesdernegi.org\/","name":"Blues Derne\u011fi","description":"","publisher":{"@id":"https:\/\/bluesdernegi.org\/#organization"},"potentialAction":[{"@type":"SearchAction","target":{"@type":"EntryPoint","urlTemplate":"https:\/\/bluesdernegi.org\/?s={search_term_string}"},"query-input":{"@type":"PropertyValueSpecification","valueRequired":true,"valueName":"search_term_string"}}],"inLanguage":"en-US"},{"@type":"Organization","@id":"https:\/\/bluesdernegi.org\/#organization","name":"Blues Derne\u011fi","url":"https:\/\/bluesdernegi.org\/","logo":{"@type":"ImageObject","inLanguage":"en-US","@id":"https:\/\/bluesdernegi.org\/#\/schema\/logo\/image\/","url":"https:\/\/bluesdernegi.org\/wp-content\/uploads\/2025\/06\/blues-dernegi-logo.png","contentUrl":"https:\/\/bluesdernegi.org\/wp-content\/uploads\/2025\/06\/blues-dernegi-logo.png","width":600,"height":476,"caption":"Blues Derne\u011fi"},"image":{"@id":"https:\/\/bluesdernegi.org\/#\/schema\/logo\/image\/"},"sameAs":["https:\/\/www.facebook.com\/bluesdernegi","https:\/\/x.com\/BluesDernegi","https:\/\/www.instagram.com\/bluesdernegi\/"]}]}},"jetpack_sharing_enabled":true,"_links":{"self":[{"href":"https:\/\/bluesdernegi.org\/en\/wp-json\/wp\/v2\/pages\/627","targetHints":{"allow":["GET"]}}],"collection":[{"href":"https:\/\/bluesdernegi.org\/en\/wp-json\/wp\/v2\/pages"}],"about":[{"href":"https:\/\/bluesdernegi.org\/en\/wp-json\/wp\/v2\/types\/page"}],"author":[{"embeddable":true,"href":"https:\/\/bluesdernegi.org\/en\/wp-json\/wp\/v2\/users\/1"}],"replies":[{"embeddable":true,"href":"https:\/\/bluesdernegi.org\/en\/wp-json\/wp\/v2\/comments?post=627"}],"version-history":[{"count":3,"href":"https:\/\/bluesdernegi.org\/en\/wp-json\/wp\/v2\/pages\/627\/revisions"}],"predecessor-version":[{"id":2079,"href":"https:\/\/bluesdernegi.org\/en\/wp-json\/wp\/v2\/pages\/627\/revisions\/2079"}],"wp:featuredmedia":[{"embeddable":true,"href":"https:\/\/bluesdernegi.org\/en\/wp-json\/wp\/v2\/media\/629"}],"wp:attachment":[{"href":"https:\/\/bluesdernegi.org\/en\/wp-json\/wp\/v2\/media?parent=627"}],"curies":[{"name":"wp","href":"https:\/\/api.w.org\/{rel}","templated":true}]}}